{"id":446,"date":"2025-04-06T10:20:53","date_gmt":"2025-04-06T08:20:53","guid":{"rendered":"https:\/\/astrofra.com\/wp\/?page_id=446"},"modified":"2025-04-06T10:44:08","modified_gmt":"2025-04-06T08:44:08","slug":"expositions","status":"publish","type":"page","link":"https:\/\/astrofra.com\/wp\/fr\/expositions\/","title":{"rendered":"Expositions, conf\u00e9rences"},"content":{"rendered":"\n<p>2025 &#8211;<\/p>\n\n\n\n<ul class=\"wp-block-list\">\n<li>DoppleRender, exposition de photographies et images g\u00e9n\u00e9r\u00e9es en IA, dans le cadre des <a href=\"https:\/\/www.lescrous.fr\/2025\/03\/crous-jaces-2025\/\" data-type=\"link\" data-id=\"https:\/\/www.lescrous.fr\/2025\/03\/crous-jaces-2025\/\">Journ\u00e9es Art et Culture dans l&#8217;Enseignement Sup\u00e9rieur<\/a>\n<ul class=\"wp-block-list\">\n<li>Accompagn\u00e9e d&#8217;une conf\u00e9rence &#8220;Voyage dans l\u2019espace latent, o\u00f9 l\u2019IA interpr\u00e8te nos r\u00e9alit\u00e9s&#8221;<\/li>\n<\/ul>\n<\/li>\n<\/ul>\n\n\n\n<p><\/p>\n\n\n\n<p>2024 &#8211; <\/p>\n\n\n\n<ul class=\"wp-block-list\">\n<li>Couloir 14, installation interactive en r\u00e9alit\u00e9 virtuelle, <a href=\"https:\/\/sites.google.com\/view\/matriculebis2024\/\" data-type=\"link\" data-id=\"https:\/\/sites.google.com\/view\/matriculebis2024\/\">festival Matricule Bis (2eme \u00e9dition)<\/a>, Orl\u00e9ans\n<ul class=\"wp-block-list\">\n<li>Accompagn\u00e9e d&#8217;une conf\u00e9rence sur <a href=\"https:\/\/www.youtube.com\/watch?v=RcsikBa7m3U\" data-type=\"link\" data-id=\"https:\/\/www.youtube.com\/watch?v=RcsikBa7m3U\">l&#8217;exploration du processus cr\u00e9atif avec l&#8217;IA g\u00e9n\u00e9rative<\/a><\/li>\n<\/ul>\n<\/li>\n<\/ul>\n\n\n\n<p>2023 &#8211; <\/p>\n\n\n\n<ul class=\"wp-block-list\">\n<li>Marine Melodies, installation interactive (image 3D, t\u00e9l\u00e9viseur cathodique, exp\u00e9rience audiovisuelle autour de 8 pistes audio d\u2019un collectif de musiciens), festival XUL 2023, Orl\u00e9ans<\/li>\n\n\n\n<li>&#8220;L&#8217;autre 108&#8221;, image synth\u00e9tique expos\u00e9e au sein du <a href=\"https:\/\/labomedia.org\/oeuvres-interactives\/un-cabinet-de-curiosites-numeriques\/\">Cabinet de curiosit\u00e9s num\u00e9riques<\/a>, Le 108, Orl\u00e9ans.<\/li>\n\n\n\n<li>DoppleRender, exposition de photographies et images g\u00e9n\u00e9r\u00e9es en IA, <a href=\"https:\/\/sites.google.com\/view\/matricule-bis-2023\">festival Matricule Bis<\/a>, Orl\u00e9ans\n<ul class=\"wp-block-list\">\n<li>Accompagn\u00e9e d&#8217;une conf\u00e9rence &#8220;L&#8217;IA g\u00e9n\u00e9rative est-elle le m\u00e9tavers ultime ?&#8221;, festival Matricule Bis, Orl\u00e9ans<\/li>\n<\/ul>\n<\/li>\n<\/ul>\n\n\n\n<p>2017 &#8211;<\/p>\n\n\n\n<ul class=\"wp-block-list\">\n<li>&#8220;Masiaka&#8221;, <a href=\"https:\/\/www.pouet.net\/prod.php?which=71543\" data-type=\"link\" data-id=\"https:\/\/www.pouet.net\/prod.php?which=71543\">2eme place \u00e0 la Evoke Demoparty 2017<\/a>, Cologne, dans la cat\u00e9gorie &#8220;Alternative Demos&#8221; <\/li>\n<\/ul>\n\n\n\n<p>2013 &#8211;<\/p>\n\n\n\n<ul class=\"wp-block-list\">\n<li>&#8220;Within the mesh&#8221;, <a href=\"https:\/\/www.pouet.net\/prod.php?which=61730\" data-type=\"link\" data-id=\"https:\/\/www.pouet.net\/prod.php?which=61730\">3eme place \u00e0 la Evoke Demoparty 2013<\/a>, Cologne, dans la cat\u00e9gorie &#8220;PC Demos&#8221; <\/li>\n<\/ul>\n","protected":false},"excerpt":{"rendered":"<p>2025 &#8211; 2024 &#8211; 2023 &#8211; 2017 &#8211; 2013 &#8211;<\/p>\n","protected":false},"author":1,"featured_media":0,"parent":0,"menu_order":0,"comment_status":"closed","ping_status":"closed","template":"","meta":{"footnotes":""},"class_list":["post-446","page","type-page","status-publish","hentry","xfolkentry","clearfix"],"_links":{"self":[{"href":"https:\/\/astrofra.com\/wp\/wp-json\/wp\/v2\/pages\/446","targetHints":{"allow":["GET"]}}],"collection":[{"href":"https:\/\/astrofra.com\/wp\/wp-json\/wp\/v2\/pages"}],"about":[{"href":"https:\/\/astrofra.com\/wp\/wp-json\/wp\/v2\/types\/page"}],"author":[{"embeddable":true,"href":"https:\/\/astrofra.com\/wp\/wp-json\/wp\/v2\/users\/1"}],"replies":[{"embeddable":true,"href":"https:\/\/astrofra.com\/wp\/wp-json\/wp\/v2\/comments?post=446"}],"version-history":[{"count":2,"href":"https:\/\/astrofra.com\/wp\/wp-json\/wp\/v2\/pages\/446\/revisions"}],"predecessor-version":[{"id":453,"href":"https:\/\/astrofra.com\/wp\/wp-json\/wp\/v2\/pages\/446\/revisions\/453"}],"wp:attachment":[{"href":"https:\/\/astrofra.com\/wp\/wp-json\/wp\/v2\/media?parent=446"}],"curies":[{"name":"wp","href":"https:\/\/api.w.org\/{rel}","templated":true}]}}